{"id":77,"date":"2020-04-28T22:50:55","date_gmt":"2020-04-28T20:50:55","guid":{"rendered":"https:\/\/cartas.quevoyatomar.com\/?page_id=77"},"modified":"2020-04-28T22:50:55","modified_gmt":"2020-04-28T20:50:55","slug":"delarios-negocio-estandar","status":"publish","type":"page","link":"https:\/\/cartas.quevoyatomar.com\/fr\/delarios-negocio-estandar\/","title":{"rendered":"delarios negocio estandar"},"content":{"rendered":"<section class=\"l-section wpb_row height_auto width_full\"><div class=\"l-section-h i-cf\"><div class=\"g-cols vc_row via_flex valign_top type_boxes stacking_default\"><div class=\"vc_col-sm-12 wpb_column vc_column_container\"><div class=\"vc_column-inner\"><div class=\"wpb_wrapper\"><div class=\"w-image align_center\"><div class=\"w-image-h\"><img decoding=\"async\" width=\"734\" height=\"256\" src=\"https:\/\/cartas.quevoyatomar.com\/wp-content\/uploads\/2020\/04\/de-larios-e1588017626129.png\" class=\"attachment-large size-large\" alt=\"\" loading=\"lazy\" srcset=\"https:\/\/cartas.quevoyatomar.com\/wp-content\/uploads\/2020\/04\/de-larios-e1588017626129.png 734w, https:\/\/cartas.quevoyatomar.com\/wp-content\/uploads\/2020\/04\/de-larios-e1588017626129-300x105.png 300w\" sizes=\"auto, (max-width: 734px) 100vw, 734px\" \/><\/div><\/div><\/div><\/div><\/div><\/div><\/div><\/section><section class=\"l-section wpb_row height_auto width_full\"><div class=\"l-section-h i-cf\"><div class=\"g-cols vc_row via_flex valign_top type_boxes stacking_default\"><div class=\"vc_col-sm-12 wpb_column vc_column_container\"><div class=\"vc_column-inner\"><div class=\"wpb_wrapper\"><div class=\"w-tabs style_default switch_click accordion type_togglable has_scrolling\" style=\"--sections-title-size:inherit\"><div class=\"w-tabs-sections titles-align_none icon_chevron cpos_right\"><div class=\"w-tabs-section no_indents\" id=\"e6b3\"><button class=\"w-tabs-section-header with_icon\" aria-controls=\"content-e6b3\" aria-expanded=\"false\"><i class=\"fas fa-sandwich\"><\/i><div class=\"w-tabs-section-title\">Bocadillos<\/div><div class=\"w-tabs-section-control\"><\/div><\/button><div  class=\"w-tabs-section-content\" id=\"content-e6b3\"><div class=\"w-tabs-section-content-h i-cf\"><div class=\"w-image align_center\"><div class=\"w-image-h\"><img decoding=\"async\" width=\"397\" height=\"701\" src=\"https:\/\/cartas.quevoyatomar.com\/wp-content\/uploads\/2020\/04\/Bocadillos-y-complementos.png\" class=\"attachment-full size-full\" alt=\"\" loading=\"lazy\" srcset=\"https:\/\/cartas.quevoyatomar.com\/wp-content\/uploads\/2020\/04\/Bocadillos-y-complementos.png 397w, https:\/\/cartas.quevoyatomar.com\/wp-content\/uploads\/2020\/04\/Bocadillos-y-complementos-170x300.png 170w\" sizes=\"auto, (max-width: 397px) 100vw, 397px\" \/><\/div><\/div><div class=\"w-image align_center\"><div class=\"w-image-h\"><img decoding=\"async\" width=\"172\" height=\"219\" src=\"https:\/\/cartas.quevoyatomar.com\/wp-content\/uploads\/2020\/04\/pan.png\" class=\"attachment-full size-full\" alt=\"\" loading=\"lazy\" \/><\/div><\/div><\/div><\/div><\/div><div class=\"w-tabs-section no_indents\" id=\"dca4\"><button class=\"w-tabs-section-header with_icon\" aria-controls=\"content-dca4\" aria-expanded=\"false\"><i class=\"fas fa-coffee\"><\/i><div class=\"w-tabs-section-title\">Caf\u00e9s<\/div><div class=\"w-tabs-section-control\"><\/div><\/button><div  class=\"w-tabs-section-content\" id=\"content-dca4\"><div class=\"w-tabs-section-content-h i-cf\"><div class=\"w-image align_center\"><div class=\"w-image-h\"><img decoding=\"async\" width=\"442\" height=\"353\" src=\"https:\/\/cartas.quevoyatomar.com\/wp-content\/uploads\/2020\/04\/Cafes-De-LArios.png\" class=\"attachment-full size-full\" alt=\"\" loading=\"lazy\" srcset=\"https:\/\/cartas.quevoyatomar.com\/wp-content\/uploads\/2020\/04\/Cafes-De-LArios.png 442w, https:\/\/cartas.quevoyatomar.com\/wp-content\/uploads\/2020\/04\/Cafes-De-LArios-300x240.png 300w\" sizes=\"auto, (max-width: 442px) 100vw, 442px\" \/><\/div><\/div><div class=\"w-image align_center\"><div class=\"w-image-h\"><img decoding=\"async\" width=\"206\" height=\"208\" src=\"https:\/\/cartas.quevoyatomar.com\/wp-content\/uploads\/2020\/04\/leche.png\" class=\"attachment-full size-full\" alt=\"\" loading=\"lazy\" srcset=\"https:\/\/cartas.quevoyatomar.com\/wp-content\/uploads\/2020\/04\/leche.png 206w, https:\/\/cartas.quevoyatomar.com\/wp-content\/uploads\/2020\/04\/leche-150x150.png 150w\" sizes=\"auto, (max-width: 206px) 100vw, 206px\" \/><\/div><\/div><\/div><\/div><\/div><div class=\"w-tabs-section no_indents\" id=\"w255\"><button class=\"w-tabs-section-header with_icon\" aria-controls=\"content-w255\" aria-expanded=\"false\"><i class=\"fas fa-mug-hot\"><\/i><div class=\"w-tabs-section-title\">Batidos &#8211; Zumos &#8211; Infusiones y t\u00e9s<\/div><div class=\"w-tabs-section-control\"><\/div><\/button><div  class=\"w-tabs-section-content\" id=\"content-w255\"><div class=\"w-tabs-section-content-h i-cf\"><div class=\"w-image align_none\"><div class=\"w-image-h\"><img decoding=\"async\" width=\"457\" height=\"878\" src=\"https:\/\/cartas.quevoyatomar.com\/wp-content\/uploads\/2020\/04\/batidos-zumos-infusiones-y-tes.png\" class=\"attachment-full size-full\" alt=\"\" loading=\"lazy\" srcset=\"https:\/\/cartas.quevoyatomar.com\/wp-content\/uploads\/2020\/04\/batidos-zumos-infusiones-y-tes.png 457w, https:\/\/cartas.quevoyatomar.com\/wp-content\/uploads\/2020\/04\/batidos-zumos-infusiones-y-tes-156x300.png 156w\" sizes=\"auto, (max-width: 457px) 100vw, 457px\" \/><\/div><\/div><div class=\"w-image align_none\"><div class=\"w-image-h\"><img decoding=\"async\" width=\"438\" height=\"952\" src=\"https:\/\/cartas.quevoyatomar.com\/wp-content\/uploads\/2020\/04\/te-frio-y-con-alcohol.png\" class=\"attachment-full size-full\" alt=\"\" loading=\"lazy\" srcset=\"https:\/\/cartas.quevoyatomar.com\/wp-content\/uploads\/2020\/04\/te-frio-y-con-alcohol.png 438w, https:\/\/cartas.quevoyatomar.com\/wp-content\/uploads\/2020\/04\/te-frio-y-con-alcohol-138x300.png 138w\" sizes=\"auto, (max-width: 438px) 100vw, 438px\" \/><\/div><\/div><\/div><\/div><\/div><div class=\"w-tabs-section no_indents\" id=\"v526\"><button class=\"w-tabs-section-header with_icon\" aria-controls=\"content-v526\" aria-expanded=\"false\"><i class=\"fas fa-beer\"><\/i><div class=\"w-tabs-section-title\">Cervezas<\/div><div class=\"w-tabs-section-control\"><\/div><\/button><div  class=\"w-tabs-section-content\" id=\"content-v526\"><div class=\"w-tabs-section-content-h i-cf\"><div class=\"w-image align_none\"><div class=\"w-image-h\"><img decoding=\"async\" width=\"407\" height=\"803\" src=\"https:\/\/cartas.quevoyatomar.com\/wp-content\/uploads\/2020\/04\/cervezas.png\" class=\"attachment-full size-full\" alt=\"\" loading=\"lazy\" srcset=\"https:\/\/cartas.quevoyatomar.com\/wp-content\/uploads\/2020\/04\/cervezas.png 407w, https:\/\/cartas.quevoyatomar.com\/wp-content\/uploads\/2020\/04\/cervezas-152x300.png 152w\" sizes=\"auto, (max-width: 407px) 100vw, 407px\" \/><\/div><\/div><\/div><\/div><\/div><div class=\"w-tabs-section no_indents\" id=\"w7a6\"><button class=\"w-tabs-section-header with_icon\" aria-controls=\"content-w7a6\" aria-expanded=\"false\"><i class=\"fas fa-wine-glass-alt\"><\/i><div class=\"w-tabs-section-title\">Ron &#8211; Vodkas<\/div><div class=\"w-tabs-section-control\"><\/div><\/button><div  class=\"w-tabs-section-content\" id=\"content-w7a6\"><div class=\"w-tabs-section-content-h i-cf\"><div class=\"w-image align_none\"><div class=\"w-image-h\"><img decoding=\"async\" width=\"422\" height=\"886\" src=\"https:\/\/cartas.quevoyatomar.com\/wp-content\/uploads\/2020\/04\/Ron-Vodka.png\" class=\"attachment-full size-full\" alt=\"\" loading=\"lazy\" srcset=\"https:\/\/cartas.quevoyatomar.com\/wp-content\/uploads\/2020\/04\/Ron-Vodka.png 422w, https:\/\/cartas.quevoyatomar.com\/wp-content\/uploads\/2020\/04\/Ron-Vodka-143x300.png 143w\" sizes=\"auto, (max-width: 422px) 100vw, 422px\" \/><\/div><\/div><\/div><\/div><\/div><div class=\"w-tabs-section no_indents\" id=\"xa4f\"><button class=\"w-tabs-section-header with_icon\" aria-controls=\"content-xa4f\" aria-expanded=\"false\"><i class=\"fas fa-cocktail\"><\/i><div class=\"w-tabs-section-title\">Cocktail<\/div><div class=\"w-tabs-section-control\"><\/div><\/button><div  class=\"w-tabs-section-content\" id=\"content-xa4f\"><div class=\"w-tabs-section-content-h i-cf\"><div class=\"w-image align_none\"><div class=\"w-image-h\"><img decoding=\"async\" width=\"414\" height=\"855\" src=\"https:\/\/cartas.quevoyatomar.com\/wp-content\/uploads\/2020\/04\/cocktails.png\" class=\"attachment-full size-full\" alt=\"\" loading=\"lazy\" srcset=\"https:\/\/cartas.quevoyatomar.com\/wp-content\/uploads\/2020\/04\/cocktails.png 414w, https:\/\/cartas.quevoyatomar.com\/wp-content\/uploads\/2020\/04\/cocktails-145x300.png 145w\" sizes=\"auto, (max-width: 414px) 100vw, 414px\" \/><\/div><\/div><\/div><\/div><\/div><div class=\"w-tabs-section no_indents\" id=\"ed1d\"><button class=\"w-tabs-section-header with_icon\" aria-controls=\"content-ed1d\" aria-expanded=\"false\"><i class=\"fas fa-glass-whiskey-rocks\"><\/i><div class=\"w-tabs-section-title\">Whisky<\/div><div class=\"w-tabs-section-control\"><\/div><\/button><div  class=\"w-tabs-section-content\" id=\"content-ed1d\"><div class=\"w-tabs-section-content-h i-cf\"><div class=\"w-image align_none\"><div class=\"w-image-h\"><img decoding=\"async\" width=\"396\" height=\"507\" src=\"https:\/\/cartas.quevoyatomar.com\/wp-content\/uploads\/2020\/04\/Whisky.png\" class=\"attachment-full size-full\" alt=\"\" loading=\"lazy\" srcset=\"https:\/\/cartas.quevoyatomar.com\/wp-content\/uploads\/2020\/04\/Whisky.png 396w, https:\/\/cartas.quevoyatomar.com\/wp-content\/uploads\/2020\/04\/Whisky-234x300.png 234w\" sizes=\"auto, (max-width: 396px) 100vw, 396px\" \/><\/div><\/div><\/div><\/div><\/div><div class=\"w-tabs-section no_indents\" id=\"yfa3\"><button class=\"w-tabs-section-header with_icon\" aria-controls=\"content-yfa3\" aria-expanded=\"false\"><i class=\"fas fa-glass-martini\"><\/i><div class=\"w-tabs-section-title\">Licores &#8211; Cremas<\/div><div class=\"w-tabs-section-control\"><\/div><\/button><div  class=\"w-tabs-section-content\" id=\"content-yfa3\"><div class=\"w-tabs-section-content-h i-cf\"><div class=\"w-image align_none\"><div class=\"w-image-h\"><img decoding=\"async\" width=\"393\" height=\"387\" src=\"https:\/\/cartas.quevoyatomar.com\/wp-content\/uploads\/2020\/04\/licores.png\" class=\"attachment-full size-full\" alt=\"\" loading=\"lazy\" srcset=\"https:\/\/cartas.quevoyatomar.com\/wp-content\/uploads\/2020\/04\/licores.png 393w, https:\/\/cartas.quevoyatomar.com\/wp-content\/uploads\/2020\/04\/licores-300x295.png 300w\" sizes=\"auto, (max-width: 393px) 100vw, 393px\" \/><\/div><\/div><\/div><\/div><\/div><div class=\"w-tabs-section no_indents\" id=\"b4fe\"><button class=\"w-tabs-section-header with_icon\" aria-controls=\"content-b4fe\" aria-expanded=\"false\"><i class=\"fas fa-glass-whiskey\"><\/i><div class=\"w-tabs-section-title\">Ginebras<\/div><div class=\"w-tabs-section-control\"><\/div><\/button><div  class=\"w-tabs-section-content\" id=\"content-b4fe\"><div class=\"w-tabs-section-content-h i-cf\"><div class=\"w-image align_none\"><div class=\"w-image-h\"><img decoding=\"async\" width=\"428\" height=\"881\" src=\"https:\/\/cartas.quevoyatomar.com\/wp-content\/uploads\/2020\/04\/Ginebras-1.png\" class=\"attachment-full size-full\" alt=\"\" loading=\"lazy\" srcset=\"https:\/\/cartas.quevoyatomar.com\/wp-content\/uploads\/2020\/04\/Ginebras-1.png 428w, https:\/\/cartas.quevoyatomar.com\/wp-content\/uploads\/2020\/04\/Ginebras-1-146x300.png 146w\" sizes=\"auto, (max-width: 428px) 100vw, 428px\" \/><\/div><\/div><div class=\"w-image align_none\"><div class=\"w-image-h\"><img decoding=\"async\" width=\"411\" height=\"538\" src=\"https:\/\/cartas.quevoyatomar.com\/wp-content\/uploads\/2020\/04\/Vinos-y-conacs.png\" class=\"attachment-full size-full\" alt=\"\" loading=\"lazy\" srcset=\"https:\/\/cartas.quevoyatomar.com\/wp-content\/uploads\/2020\/04\/Vinos-y-conacs.png 411w, https:\/\/cartas.quevoyatomar.com\/wp-content\/uploads\/2020\/04\/Vinos-y-conacs-229x300.png 229w\" sizes=\"auto, (max-width: 411px) 100vw, 411px\" \/><\/div><\/div><\/div><\/div><\/div><div class=\"w-tabs-section no_indents\" id=\"u64f\"><button class=\"w-tabs-section-header with_icon\" aria-controls=\"content-u64f\" aria-expanded=\"false\"><i class=\"fas fa-wine-glass\"><\/i><div class=\"w-tabs-section-title\">Vi\u00f1os &#8211; Co\u00f1ac<\/div><div class=\"w-tabs-section-control\"><\/div><\/button><div  class=\"w-tabs-section-content\" id=\"content-u64f\"><div class=\"w-tabs-section-content-h i-cf\"><div class=\"w-image align_none\"><div class=\"w-image-h\"><img decoding=\"async\" width=\"393\" height=\"387\" src=\"https:\/\/cartas.quevoyatomar.com\/wp-content\/uploads\/2020\/04\/licores.png\" class=\"attachment-full size-full\" alt=\"\" loading=\"lazy\" srcset=\"https:\/\/cartas.quevoyatomar.com\/wp-content\/uploads\/2020\/04\/licores.png 393w, https:\/\/cartas.quevoyatomar.com\/wp-content\/uploads\/2020\/04\/licores-300x295.png 300w\" sizes=\"auto, (max-width: 393px) 100vw, 393px\" \/><\/div><\/div><\/div><\/div><\/div><div class=\"w-tabs-section no_indents\" id=\"hd5a\"><button class=\"w-tabs-section-header with_icon\" aria-controls=\"content-hd5a\" aria-expanded=\"false\"><i class=\"fas fa-book\"><\/i><div class=\"w-tabs-section-title\">Nuestra historia<\/div><div class=\"w-tabs-section-control\"><\/div><\/button><div  class=\"w-tabs-section-content\" id=\"content-hd5a\"><div class=\"w-tabs-section-content-h i-cf\"><div class=\"wpb_text_column\"><div class=\"wpb_wrapper\"><p>Larios 13 es una empresa familiar nacida y creada en marzo de 1996 reformada en julio del 2012 obteniendo algunos premios consecutivos como \u00ab\u00a0la mejor gintoneria de M\u00e1laga\u00a0\u00bb.<\/p>\n<p>Es un negocio respaldado por la amplia experiencia en todos los t\u00e9rminos de la hosteler\u00eda con un excelente servicio y m\u00e1xima calidad en la elaboraci\u00f3n de sus productos para alcanzar el mejor bienestar de nuestros clientes. \u00ab\u00a0Cuidamos los detalles\u00a0\u00bb<\/p>\n<\/div><\/div><\/div><\/div><\/div><\/div><\/div><\/div><\/div><\/div><\/div><\/div><\/section><section class=\"l-section wpb_row height_auto width_full color_footer-top\"><div class=\"l-section-h i-cf\"><div class=\"g-cols vc_row via_flex valign_top type_default stacking_default\"><div class=\"vc_col-sm-12 wpb_column vc_column_container\"><div class=\"vc_column-inner\"><div class=\"wpb_wrapper\"><div class=\"w-vwrapper align_center valign_top\"><div class=\"wpb_text_column\"><div class=\"wpb_wrapper\"><p style=\"text-align: center;\"><span style=\"font-size: 8pt;\">C\/ Los Fenicios 1 &#8211; <\/span><span style=\"font-size: 8pt;\">29740 Torre del Mar &#8211; <\/span><span style=\"font-size: 8pt;\">M\u00e1laga<\/span><\/p>\n<\/div><\/div><\/div><\/div><\/div><\/div><\/div><\/div><\/section>\n","protected":false},"excerpt":{"rendered":"BocadillosCaf\u00e9sBatidos &#8211; Zumos &#8211; Infusiones y t\u00e9sCervezasRon &#8211; VodkasCocktailWhiskyLicores &#8211; CremasGinebrasVi\u00f1os &#8211; Co\u00f1acNuestra historiaLarios 13 es una empresa familiar nacida y creada en marzo de 1996 reformada en julio del 2012 obteniendo algunos premios consecutivos como \u00ab\u00a0la mejor gintoneria de M\u00e1laga\u00a0\u00bb. Es un negocio respaldado por la amplia experiencia en todos los t\u00e9rminos de la...","protected":false},"author":1,"featured_media":0,"parent":0,"menu_order":0,"comment_status":"closed","ping_status":"closed","template":"","meta":{"footnotes":""},"class_list":["post-77","page","type-page","status-publish","hentry"],"_links":{"self":[{"href":"https:\/\/cartas.quevoyatomar.com\/fr\/wp-json\/wp\/v2\/pages\/77","targetHints":{"allow":["GET"]}}],"collection":[{"href":"https:\/\/cartas.quevoyatomar.com\/fr\/wp-json\/wp\/v2\/pages"}],"about":[{"href":"https:\/\/cartas.quevoyatomar.com\/fr\/wp-json\/wp\/v2\/types\/page"}],"author":[{"embeddable":true,"href":"https:\/\/cartas.quevoyatomar.com\/fr\/wp-json\/wp\/v2\/users\/1"}],"replies":[{"embeddable":true,"href":"https:\/\/cartas.quevoyatomar.com\/fr\/wp-json\/wp\/v2\/comments?post=77"}],"version-history":[{"count":2,"href":"https:\/\/cartas.quevoyatomar.com\/fr\/wp-json\/wp\/v2\/pages\/77\/revisions"}],"predecessor-version":[{"id":79,"href":"https:\/\/cartas.quevoyatomar.com\/fr\/wp-json\/wp\/v2\/pages\/77\/revisions\/79"}],"wp:attachment":[{"href":"https:\/\/cartas.quevoyatomar.com\/fr\/wp-json\/wp\/v2\/media?parent=77"}],"curies":[{"name":"wp","href":"https:\/\/api.w.org\/{rel}","templated":true}]}}